{"id":188,"date":"2020-02-24T17:40:14","date_gmt":"2020-02-24T17:40:14","guid":{"rendered":"http:\/\/grupoinexco.com\/?page_id=188"},"modified":"2020-07-06T21:23:41","modified_gmt":"2020-07-06T21:23:41","slug":"expo-casa","status":"publish","type":"page","link":"https:\/\/grupoinexco.com\/?page_id=188","title":{"rendered":"Expo Casa"},"content":{"rendered":"<!-- wp:themify-builder\/canvas \/--><!--themify_builder_static--><p>\u00a0<\/p> <p>\u00a0<\/p> <p>\u00a0<\/p> <p>\u00a0<\/p> <p>\u00a0<\/p> <p>\u00a0<\/p> <p>\u00a0<\/p> <p>\u00a0<\/p> <p>\u00a0<\/p> <p>\u00a0<\/p>\n<h2>Dedicado a brindarle las mejores mentes de dise\u00f1o y talento de ingenier\u00eda en el mercado, vea c\u00f3mo hacemos el trabajo con seguridad y precisi\u00f3n.<\/h2>\n<img loading=\"lazy\" decoding=\"async\" src=\"https:\/\/themify.me\/demo\/themes\/ultra-construction\/files\/2019\/10\/design-358x258.jpg\" width=\"358\" height=\"258\" alt=\"\" \/>\n<h3>Dise\u00f1o<\/h3> <p>Nuestro galardonado equipo de arquitectos aborda cada proyecto con pasi\u00f3n y creatividad.<\/p> <h4>\u00a0<\/h4>\n<img loading=\"lazy\" decoding=\"async\" src=\"https:\/\/themify.me\/demo\/themes\/ultra-construction\/files\/2019\/10\/construction-358x258.jpg\" width=\"358\" height=\"258\" alt=\"\" \/>\n<h3>Construcci\u00f3n<\/h3> <p>Nuestros contratistas y equipo de construcci\u00f3n entregan resultados con precisi\u00f3n y exactitud.<\/p> <h4>\u00a0<\/h4>\n<img loading=\"lazy\" decoding=\"async\" src=\"https:\/\/themify.me\/demo\/themes\/ultra-construction\/files\/2019\/10\/project-management-358x258.jpg\" width=\"358\" height=\"258\" alt=\"\" \/>\n<h3>Administraci\u00f3n de Proyectos<\/h3> <p>Conf\u00ede en nuestros gerentes de proyecto para trabajar con usted 1 a 1, en cada paso del camino.<\/p> <h4>\u00a0<\/h4>\n<img loading=\"lazy\" decoding=\"async\" src=\"https:\/\/themify.me\/demo\/themes\/ultra-construction\/files\/2019\/11\/construction-planning-358x258.jpg\" width=\"358\" height=\"258\" alt=\"\" \/>\n<h3>Planeaci\u00f3n de Obras<\/h3> <p>Nuestro equipo de ingenieros racionaliza todos los recursos para establecer la mejor ruta critica y entregar las obras a tiempo y bajo el presupuesto aprobado.<\/p> <h4>\u00a0<\/h4>\n<img loading=\"lazy\" decoding=\"async\" src=\"https:\/\/themify.me\/demo\/themes\/ultra-construction\/files\/2019\/10\/construction-358x258.jpg\" width=\"358\" height=\"258\" alt=\"\" \/>\n<h3>Energ\u00eda y Medio Ambiente<\/h3> <p>Nuestros proyectos se desarrollan respetando todas las normas ambientales y optimizando los recursos energ\u00e9ticos.<\/p> <h4>\u00a0<\/h4>\n<img loading=\"lazy\" decoding=\"async\" src=\"https:\/\/themify.me\/demo\/themes\/ultra-construction\/files\/2019\/10\/project-management-358x258.jpg\" width=\"358\" height=\"258\" alt=\"\" \/>\n<h3>Renovaci\u00f3n de oficinas<\/h3> <p>Hemos renovado nuestro lugar de trabajo para que nuestro personal se siente c\u00f3modo. seguro y proactivo, durante el tiempo de permanencia en la sede.<\/p> <h4>\u00a0<\/h4>\n<h3>Puntos clave sobre la empresa<\/h3> <p>Estamos dedicados a la excelencia y la precisi\u00f3n, dos cosas que nos han llevado lejos en la industria. Nos enorgullecemos de nuestro trabajo y hacemos lo que sea necesario para hacer el trabajo.<\/p>\n<a href=\"https:\/\/api.whatsapp.com\/send?phone=573184628686&#038;text=Me%20interesa%20contactar%20al%20Grupo%20Inexco\" target=\"_blank\" rel=\"noopener\"> Cont\u00e1ctenos por WhatsApp <\/a><!--\/themify_builder_static-->","protected":false},"excerpt":{"rendered":"<p>\u00a0 \u00a0 \u00a0 \u00a0 \u00a0 \u00a0 \u00a0 \u00a0 \u00a0 \u00a0 Dedicado a brindarle las mejores mentes de dise\u00f1o y talento de ingenier\u00eda en el mercado, vea c\u00f3mo hacemos el trabajo con seguridad y precisi\u00f3n. Dise\u00f1o Nuestro galardonado equipo de arquitectos aborda cada proyecto con pasi\u00f3n y creatividad. \u00a0 Construcci\u00f3n Nuestros contratistas y equipo de construcci\u00f3n [&hellip;]<\/p>\n","protected":false},"author":1,"featured_media":0,"parent":0,"menu_order":0,"comment_status":"closed","ping_status":"closed","template":"","meta":{"footnotes":""},"class_list":["post-188","page","type-page","status-publish","hentry","has-post-title","has-post-date","has-post-category","has-post-tag","has-post-comment","has-post-author",""],"builder_content":"<p>\u00a0<\/p> <p>\u00a0<\/p> <p>\u00a0<\/p> <p>\u00a0<\/p> <p>\u00a0<\/p> <p>\u00a0<\/p> <p>\u00a0<\/p> <p>\u00a0<\/p> <p>\u00a0<\/p> <p>\u00a0<\/p>\n<h2>Dedicado a brindarle las mejores mentes de dise\u00f1o y talento de ingenier\u00eda en el mercado, vea c\u00f3mo hacemos el trabajo con seguridad y precisi\u00f3n.<\/h2>\n<img src=\"https:\/\/themify.me\/demo\/themes\/ultra-construction\/files\/2019\/10\/design-358x258.jpg\" width=\"358\" height=\"258\" title=\"Expo Casa\" alt=\"Expo Casa\">\n<h3>Dise\u00f1o<\/h3> <p>Nuestro galardonado equipo de arquitectos aborda cada proyecto con pasi\u00f3n y creatividad.<\/p> <h4>\u00a0<\/h4>\n<img src=\"https:\/\/themify.me\/demo\/themes\/ultra-construction\/files\/2019\/10\/construction-358x258.jpg\" width=\"358\" height=\"258\" title=\"Expo Casa\" alt=\"Expo Casa\">\n<h3>Construcci\u00f3n<\/h3> <p>Nuestros contratistas y equipo de construcci\u00f3n entregan resultados con precisi\u00f3n y exactitud.<\/p> <h4>\u00a0<\/h4>\n<img src=\"https:\/\/themify.me\/demo\/themes\/ultra-construction\/files\/2019\/10\/project-management-358x258.jpg\" width=\"358\" height=\"258\" title=\"Expo Casa\" alt=\"Expo Casa\">\n<h3>Administraci\u00f3n de Proyectos<\/h3> <p>Conf\u00ede en nuestros gerentes de proyecto para trabajar con usted 1 a 1, en cada paso del camino.<\/p> <h4>\u00a0<\/h4>\n<img src=\"https:\/\/themify.me\/demo\/themes\/ultra-construction\/files\/2019\/11\/construction-planning-358x258.jpg\" width=\"358\" height=\"258\" title=\"Expo Casa\" alt=\"Expo Casa\">\n<h3>Planeaci\u00f3n de Obras<\/h3> <p>Nuestro equipo de ingenieros racionaliza todos los recursos para establecer la mejor ruta critica y entregar las obras a tiempo y bajo el presupuesto aprobado.<\/p> <h4>\u00a0<\/h4>\n<img src=\"https:\/\/themify.me\/demo\/themes\/ultra-construction\/files\/2019\/10\/construction-358x258.jpg\" width=\"358\" height=\"258\" title=\"Expo Casa\" alt=\"Expo Casa\">\n<h3>Energ\u00eda y Medio Ambiente<\/h3> <p>Nuestros proyectos se desarrollan respetando todas las normas ambientales y optimizando los recursos energ\u00e9ticos.<\/p> <h4>\u00a0<\/h4>\n<img src=\"https:\/\/themify.me\/demo\/themes\/ultra-construction\/files\/2019\/10\/project-management-358x258.jpg\" width=\"358\" height=\"258\" title=\"Expo Casa\" alt=\"Expo Casa\">\n<h3>Renovaci\u00f3n de oficinas<\/h3> <p>Hemos renovado nuestro lugar de trabajo para que nuestro personal se siente c\u00f3modo. seguro y proactivo, durante el tiempo de permanencia en la sede.<\/p> <h4>\u00a0<\/h4>\n<h3>Puntos clave sobre la empresa<\/h3> <p>Estamos dedicados a la excelencia y la precisi\u00f3n, dos cosas que nos han llevado lejos en la industria. Nos enorgullecemos de nuestro trabajo y hacemos lo que sea necesario para hacer el trabajo.<\/p>\n<a href=\"https:\/\/api.whatsapp.com\/send?phone=573184628686&#038;text=Me%20interesa%20contactar%20al%20Grupo%20Inexco\" target=\"_blank\" rel=\"noopener\"> Cont\u00e1ctenos por WhatsApp <\/a>","_links":{"self":[{"href":"https:\/\/grupoinexco.com\/index.php?rest_route=\/wp\/v2\/pages\/188","targetHints":{"allow":["GET"]}}],"collection":[{"href":"https:\/\/grupoinexco.com\/index.php?rest_route=\/wp\/v2\/pages"}],"about":[{"href":"https:\/\/grupoinexco.com\/index.php?rest_route=\/wp\/v2\/types\/page"}],"author":[{"embeddable":true,"href":"https:\/\/grupoinexco.com\/index.php?rest_route=\/wp\/v2\/users\/1"}],"replies":[{"embeddable":true,"href":"https:\/\/grupoinexco.com\/index.php?rest_route=%2Fwp%2Fv2%2Fcomments&post=188"}],"version-history":[{"count":18,"href":"https:\/\/grupoinexco.com\/index.php?rest_route=\/wp\/v2\/pages\/188\/revisions"}],"predecessor-version":[{"id":416,"href":"https:\/\/grupoinexco.com\/index.php?rest_route=\/wp\/v2\/pages\/188\/revisions\/416"}],"wp:attachment":[{"href":"https:\/\/grupoinexco.com\/index.php?rest_route=%2Fwp%2Fv2%2Fmedia&parent=188"}],"curies":[{"name":"wp","href":"https:\/\/api.w.org\/{rel}","templated":true}]}}